{"id":653,"date":"2021-07-30T11:14:27","date_gmt":"2021-07-30T09:14:27","guid":{"rendered":"http:\/\/ofju.de\/wp\/?page_id=653"},"modified":"2022-04-04T13:51:36","modified_gmt":"2022-04-04T11:51:36","slug":"alle-news","status":"publish","type":"page","link":"https:\/\/ofju.de\/?page_id=653","title":{"rendered":"Spenden"},"content":{"rendered":"\t\t<div data-elementor-type=\"wp-page\" data-elementor-id=\"653\" class=\"elementor elementor-653\">\n\t\t\t\t\t\t<section class=\"elementor-section elementor-top-section elementor-element elementor-element-5865f09 elementor-section-boxed elementor-section-height-default elementor-section-height-default\" data-id=\"5865f09\" data-element_type=\"section\" data-e-type=\"section\">\n\t\t\t\t\t\t<div class=\"elementor-container elementor-column-gap-default\">\n\t\t\t\t\t<div class=\"elementor-column elementor-col-100 elementor-top-column elementor-element elementor-element-3bc8a46\" data-id=\"3bc8a46\" data-element_type=\"column\" data-e-type=\"column\">\n\t\t\t<div class=\"elementor-widget-wrap elementor-element-populated\">\n\t\t\t\t\t\t<div class=\"elementor-element elementor-element-1348a06 elementor-widget elementor-widget-text-editor\" data-id=\"1348a06\" data-element_type=\"widget\" data-e-type=\"widget\" data-widget_type=\"text-editor.default\">\n\t\t\t\t<div class=\"elementor-widget-container\">\n\t\t\t\t\t\t\t\t\t<div><br><\/div><div>Als gemeinn\u00fctziger Verein sind wir immer auf Spenden angewiesen.<\/div>\n<div><\/div>\n<div><br><\/div><div>M\u00f6chten Sie uns unterst\u00fctzen? Dann haben Sie hier ganz bequem die M\u00f6glichkeit uns \u00fcber Paypal Ihre Spende zukommen zu lassen.<\/div>\n<div>Selstverst\u00e4ndlich erhalten Sie auf Wunsch auch eine Spendenbescheinigung.<\/div>\n<div><\/div>\n<div><center><p><\/p>\n<form action=\"https:\/\/www.paypal.com\/donate\" method=\"post\" target=\"_top\">\n<input type=\"hidden\" name=\"hosted_button_id\" value=\"Y6MTNWYV5H42L\"><br>\n<input type=\"image\" src=\"https:\/\/www.paypalobjects.com\/de_DE\/DE\/i\/btn\/btn_donate_LG.gif\" name=\"submit\" title=\"PayPal - The safer, easier way to pay online!\" alt=\"Spenden mit dem PayPal-Button\" border=\"0\"><br>\n<img decoding=\"async\" alt=\"\" src=\"https:\/\/www.paypal.com\/de_DE\/i\/scr\/pixel.gif\" width=\"1\" height=\"1\" border=\"0\"><br>\n<\/form>\n<\/center><\/div>\t\t\t\t\t\t\t\t<\/div>\n\t\t\t\t<\/div>\n\t\t\t\t\t<\/div>\n\t\t<\/div>\n\t\t\t\t\t<\/div>\n\t\t<\/section>\n\t\t\t\t<\/div>\n\t\t","protected":false},"excerpt":{"rendered":"<p>Als gemeinn\u00fctziger Verein sind wir immer auf Spenden angewiesen. M\u00f6chten Sie uns unterst\u00fctzen? Dann haben Sie hier ganz bequem die M\u00f6glichkeit uns \u00fcber Paypal Ihre Spende zukommen zu lassen. Selstverst\u00e4ndlich erhalten Sie auf Wunsch auch eine Spendenbescheinigung.<\/p>\n","protected":false},"author":1,"featured_media":0,"parent":0,"menu_order":0,"comment_status":"open","ping_status":"open","template":"page-templates\/page-builder.php","meta":{"footnotes":""},"class_list":["post-653","page","type-page","status-publish","hentry"],"_links":{"self":[{"href":"https:\/\/ofju.de\/index.php?rest_route=\/wp\/v2\/pages\/653","targetHints":{"allow":["GET"]}}],"collection":[{"href":"https:\/\/ofju.de\/index.php?rest_route=\/wp\/v2\/pages"}],"about":[{"href":"https:\/\/ofju.de\/index.php?rest_route=\/wp\/v2\/types\/page"}],"author":[{"embeddable":true,"href":"https:\/\/ofju.de\/index.php?rest_route=\/wp\/v2\/users\/1"}],"replies":[{"embeddable":true,"href":"https:\/\/ofju.de\/index.php?rest_route=%2Fwp%2Fv2%2Fcomments&post=653"}],"version-history":[{"count":20,"href":"https:\/\/ofju.de\/index.php?rest_route=\/wp\/v2\/pages\/653\/revisions"}],"predecessor-version":[{"id":788,"href":"https:\/\/ofju.de\/index.php?rest_route=\/wp\/v2\/pages\/653\/revisions\/788"}],"wp:attachment":[{"href":"https:\/\/ofju.de\/index.php?rest_route=%2Fwp%2Fv2%2Fmedia&parent=653"}],"curies":[{"name":"wp","href":"https:\/\/api.w.org\/{rel}","templated":true}]}}