{"id":650,"date":"2021-07-30T11:10:43","date_gmt":"2021-07-30T09:10:43","guid":{"rendered":"http:\/\/ofju.de\/wp\/?page_id=650"},"modified":"2021-11-12T10:42:33","modified_gmt":"2021-11-12T09:42:33","slug":"das-einstein","status":"publish","type":"page","link":"https:\/\/ofju.de\/?page_id=650","title":{"rendered":"Das EINSTEIN"},"content":{"rendered":"\t\t<div data-elementor-type=\"wp-page\" data-elementor-id=\"650\" class=\"elementor elementor-650\">\n\t\t\t\t\t\t<section class=\"elementor-section elementor-top-section elementor-element elementor-element-6dd9a7d6 elementor-section-boxed elementor-section-height-default elementor-section-height-default\" data-id=\"6dd9a7d6\" data-element_type=\"section\" data-e-type=\"section\">\n\t\t\t\t\t\t<div class=\"elementor-container elementor-column-gap-default\">\n\t\t\t\t\t<div class=\"elementor-column elementor-col-100 elementor-top-column elementor-element elementor-element-f3d88a\" data-id=\"f3d88a\" data-element_type=\"column\" data-e-type=\"column\">\n\t\t\t<div class=\"elementor-widget-wrap elementor-element-populated\">\n\t\t\t\t\t\t<div class=\"elementor-element elementor-element-65d31c15 elementor-widget elementor-widget-text-editor\" data-id=\"65d31c15\" data-element_type=\"widget\" data-e-type=\"widget\" data-widget_type=\"text-editor.default\">\n\t\t\t\t<div class=\"elementor-widget-container\">\n\t\t\t\t\t\t\t\t\t<div>&#8222;Klein aber fein&#8220; und mit jeder Menge Spa\u00df, daf\u00fcr steht das Jugendzentrum Einstein, in welchem DU als junge Person mit deinen Interessen, Ideen und W\u00fcnschen im Mittelpunkt stehst.<\/div><p style=\"margin-bottom: 0cm;\">Schon seit \u00fcber 20 Jahren ist der OfJu e.V. im Stadtteil Neum\u00fchl aktiv.<\/p><p style=\"margin-bottom: 0cm;\">Der Jugendtreff Einstein hat sich \u00fcber die Jahre hinweg zu einem verl\u00e4sslichen Ort mit famili\u00e4rer Atmosph\u00e4re entwickelt, der f\u00fcr ALLE da ist und diverse Angebote f\u00fcr dich bereit h\u00e4lt.<\/p><p>\u00a0<\/p><p style=\"margin-bottom: 0cm;\">Ab dem Alter von 12 Jahren bietet dir das Einstein einen Raum, um andere Jugendliche in deinem Alter kennenzulernen, sich zu unterhalten, alleine oder mit einer Gruppe zu zocken, sich mittels kreativen Projekten auszuprobieren oder einfach nur zu chillen.<\/p><p style=\"margin-bottom: 0cm;\">Das Einstein m\u00f6chte dir eine Stimme im Stadtteil geben. Hier stehst DU im Zentrum!<\/p><p style=\"margin-bottom: 0cm;\">Also komm gerne vorbei und lerne das Einstein kennen!<\/p><p>\u00a0<\/p><p style=\"margin-bottom: 0cm;\">Folge uns gerne auch bei Instagram und Facebook, damit du immer \u00fcber aktuelle Angebote und Projekte informiert bist:<\/p>\t\t\t\t\t\t\t\t<\/div>\n\t\t\t\t<\/div>\n\t\t\t\t\t<\/div>\n\t\t<\/div>\n\t\t\t\t\t<\/div>\n\t\t<\/section>\n\t\t\t\t<section class=\"elementor-section elementor-top-section elementor-element elementor-element-124ad7a elementor-section-boxed elementor-section-height-default elementor-section-height-default\" data-id=\"124ad7a\" data-element_type=\"section\" data-e-type=\"section\">\n\t\t\t\t\t\t<div class=\"elementor-container elementor-column-gap-default\">\n\t\t\t\t\t<div class=\"elementor-column elementor-col-50 elementor-top-column elementor-element elementor-element-11dedb9\" data-id=\"11dedb9\" data-element_type=\"column\" data-e-type=\"column\">\n\t\t\t<div class=\"elementor-widget-wrap elementor-element-populated\">\n\t\t\t\t\t\t<div class=\"elementor-element elementor-element-c65d43b elementor-align-center elementor-widget elementor-widget-button\" data-id=\"c65d43b\" data-element_type=\"widget\" data-e-type=\"widget\" data-widget_type=\"button.default\">\n\t\t\t\t<div class=\"elementor-widget-container\">\n\t\t\t\t\t\t\t\t\t<div class=\"elementor-button-wrapper\">\n\t\t\t\t\t<a class=\"elementor-button elementor-button-link elementor-size-md\" href=\"https:\/\/www.facebook.com\/ofju.ev\/\" target=\"_blank\">\n\t\t\t\t\t\t<span class=\"elementor-button-content-wrapper\">\n\t\t\t\t\t\t\t\t\t<span class=\"elementor-button-text\">Facebook<\/span>\n\t\t\t\t\t<\/span>\n\t\t\t\t\t<\/a>\n\t\t\t\t<\/div>\n\t\t\t\t\t\t\t\t<\/div>\n\t\t\t\t<\/div>\n\t\t\t\t\t<\/div>\n\t\t<\/div>\n\t\t\t\t<div class=\"elementor-column elementor-col-50 elementor-top-column elementor-element elementor-element-38d0aef\" data-id=\"38d0aef\" data-element_type=\"column\" data-e-type=\"column\">\n\t\t\t<div class=\"elementor-widget-wrap elementor-element-populated\">\n\t\t\t\t\t\t<div class=\"elementor-element elementor-element-f21bc26 elementor-align-center elementor-widget elementor-widget-button\" data-id=\"f21bc26\" data-element_type=\"widget\" data-e-type=\"widget\" data-widget_type=\"button.default\">\n\t\t\t\t<div class=\"elementor-widget-container\">\n\t\t\t\t\t\t\t\t\t<div class=\"elementor-button-wrapper\">\n\t\t\t\t\t<a class=\"elementor-button elementor-button-link elementor-size-md\" href=\"https:\/\/www.instagram.com\/jugendzentrum_einstein\/?hl=de\" target=\"_blank\">\n\t\t\t\t\t\t<span class=\"elementor-button-content-wrapper\">\n\t\t\t\t\t\t\t\t\t<span class=\"elementor-button-text\">Instagram<\/span>\n\t\t\t\t\t<\/span>\n\t\t\t\t\t<\/a>\n\t\t\t\t<\/div>\n\t\t\t\t\t\t\t\t<\/div>\n\t\t\t\t<\/div>\n\t\t\t\t\t<\/div>\n\t\t<\/div>\n\t\t\t\t\t<\/div>\n\t\t<\/section>\n\t\t\t\t<section class=\"elementor-section elementor-top-section elementor-element elementor-element-e9e8480 elementor-section-boxed elementor-section-height-default elementor-section-height-default\" data-id=\"e9e8480\" data-element_type=\"section\" data-e-type=\"section\">\n\t\t\t\t\t\t<div class=\"elementor-container elementor-column-gap-default\">\n\t\t\t\t\t<div class=\"elementor-column elementor-col-100 elementor-top-column elementor-element elementor-element-fea13a2\" data-id=\"fea13a2\" data-element_type=\"column\" data-e-type=\"column\">\n\t\t\t<div class=\"elementor-widget-wrap elementor-element-populated\">\n\t\t\t\t\t\t<div class=\"elementor-element elementor-element-3ded290 elementor-widget elementor-widget-text-editor\" data-id=\"3ded290\" data-element_type=\"widget\" data-e-type=\"widget\" data-widget_type=\"text-editor.default\">\n\t\t\t\t<div class=\"elementor-widget-container\">\n\t\t\t\t\t\t\t\t\t<p style=\"margin-bottom: 0cm;\">Wir freuen uns auf dich! \ud83d\ude0e<\/p><p style=\"margin-bottom: 0cm;\">Dein Einstein-Team<\/p>\t\t\t\t\t\t\t\t<\/div>\n\t\t\t\t<\/div>\n\t\t\t\t\t<\/div>\n\t\t<\/div>\n\t\t\t\t\t<\/div>\n\t\t<\/section>\n\t\t\t\t<\/div>\n\t\t","protected":false},"excerpt":{"rendered":"<p>&#8222;Klein aber fein&#8220; und mit jeder Menge Spa\u00df, daf\u00fcr steht das Jugendzentrum Einstein, in welchem DU als junge Person mit deinen Interessen, Ideen und W\u00fcnschen im Mittelpunkt stehst. Schon seit \u00fcber 20 Jahren ist der OfJu e.V. im Stadtteil Neum\u00fchl<\/p>\n","protected":false},"author":1,"featured_media":0,"parent":0,"menu_order":0,"comment_status":"open","ping_status":"open","template":"page-templates\/contact.php","meta":{"footnotes":""},"class_list":["post-650","page","type-page","status-publish","hentry"],"_links":{"self":[{"href":"https:\/\/ofju.de\/index.php?rest_route=\/wp\/v2\/pages\/650","targetHints":{"allow":["GET"]}}],"collection":[{"href":"https:\/\/ofju.de\/index.php?rest_route=\/wp\/v2\/pages"}],"about":[{"href":"https:\/\/ofju.de\/index.php?rest_route=\/wp\/v2\/types\/page"}],"author":[{"embeddable":true,"href":"https:\/\/ofju.de\/index.php?rest_route=\/wp\/v2\/users\/1"}],"replies":[{"embeddable":true,"href":"https:\/\/ofju.de\/index.php?rest_route=%2Fwp%2Fv2%2Fcomments&post=650"}],"version-history":[{"count":28,"href":"https:\/\/ofju.de\/index.php?rest_route=\/wp\/v2\/pages\/650\/revisions"}],"predecessor-version":[{"id":755,"href":"https:\/\/ofju.de\/index.php?rest_route=\/wp\/v2\/pages\/650\/revisions\/755"}],"wp:attachment":[{"href":"https:\/\/ofju.de\/index.php?rest_route=%2Fwp%2Fv2%2Fmedia&parent=650"}],"curies":[{"name":"wp","href":"https:\/\/api.w.org\/{rel}","templated":true}]}}