{"id":624,"date":"2021-07-30T10:55:09","date_gmt":"2021-07-30T08:55:09","guid":{"rendered":"http:\/\/ofju.de\/wp\/?page_id=624"},"modified":"2021-07-30T11:21:54","modified_gmt":"2021-07-30T09:21:54","slug":"der-verein","status":"publish","type":"page","link":"https:\/\/ofju.de\/?page_id=624","title":{"rendered":"Der Verein"},"content":{"rendered":"\t\t<div data-elementor-type=\"wp-page\" data-elementor-id=\"624\" class=\"elementor elementor-624\">\n\t\t\t\t\t\t<section class=\"elementor-section elementor-top-section elementor-element elementor-element-6dd9a7d6 elementor-section-boxed elementor-section-height-default elementor-section-height-default\" data-id=\"6dd9a7d6\" data-element_type=\"section\" data-e-type=\"section\">\n\t\t\t\t\t\t<div class=\"elementor-container elementor-column-gap-default\">\n\t\t\t\t\t<div class=\"elementor-column elementor-col-100 elementor-top-column elementor-element elementor-element-f3d88a\" data-id=\"f3d88a\" data-element_type=\"column\" data-e-type=\"column\">\n\t\t\t<div class=\"elementor-widget-wrap elementor-element-populated\">\n\t\t\t\t\t\t<div class=\"elementor-element elementor-element-65d31c15 elementor-widget elementor-widget-text-editor\" data-id=\"65d31c15\" data-element_type=\"widget\" data-e-type=\"widget\" data-widget_type=\"text-editor.default\">\n\t\t\t\t<div class=\"elementor-widget-container\">\n\t\t\t\t\t\t\t\t\t<p><span style=\"font-family: Verdana, sans-serif;\"><span style=\"font-size: medium;\"><b>OfJu steht f\u00fcr die Verbindung von Duisburg-Neum\u00fchl und der Jugend!<\/b><\/span><\/span><\/p><p>Mit unseren Angeboten decken wir 5 Tage der Woche ab!<br \/>Wir bieten Jugendlichen von 12 bis 17 Jahren R\u00e4umlichkeiten, Freizeitaktivit\u00e4ten, Gespr\u00e4che, Projekte, Sport-Angebote und vieles mehr.<\/p><p>Der Vorstand des Vereins ist ebenfalls Mitglied in der &#8222;Interessensgemeinschaft Neum\u00fchler Kaufleute und Vereine&#8220;, wo Susanne Reitemeier-Lohaus seit 2010 Beisitzerin ist.<\/p><p>Die aktuelle Vereins-Satzung sowie Mitgliedsantr\u00e4ge finden Sie unter &#8222;Downloads&#8220;.<\/p><p>Seit dem 27. November 2001 ist Ziel von <b>OfJu<\/b>, sich in Zusamenarbeit mit dem Jugendamt Duisburg und dem Bezirksamt Hamborn schwerpunktm\u00e4\u00dfig f\u00fcr die Belange und Interessen der Jugendlichen einzusetzen und sie zu f\u00f6rdern. Dabei wird der niveauvollen Freizeitgestaltung f\u00fcr die Jugendlichen besonderes Augenmerk gewidmet.<\/p><p><b>Schwerpunkte des Vereins sind:<\/b><\/p><ul><li><span style=\"font-family: Verdana, sans-serif;\"><span style=\"font-size: medium;\">Sport- und erlebnisp\u00e4dagische Angebote<\/span><\/span><\/li><li><span style=\"font-family: Verdana, sans-serif;\"><span style=\"font-size: medium;\">Angebot zur Suchtpr\u00e4vention<\/span><\/span><\/li><li><span style=\"font-family: Verdana, sans-serif;\"><span style=\"font-size: medium;\">Geschlechtsdifferenzierte Gruppenarbeit<\/span><\/span><\/li><li><span style=\"font-family: Verdana, sans-serif;\"><span style=\"font-size: medium;\">Coolness- und Anti-Gewalt-Training<\/span><\/span><\/li><li><span style=\"font-family: Verdana, sans-serif;\"><span style=\"font-size: medium;\">Jugendspezifische Beratungsangebote<\/span><\/span><\/li><li><span style=\"font-family: Verdana, sans-serif;\"><span style=\"font-size: medium;\">Zur Verf\u00fcgungstellung von R\u00e4umen f\u00fcr Jugendliche<\/span><\/span><\/li><\/ul>\t\t\t\t\t\t\t\t<\/div>\n\t\t\t\t<\/div>\n\t\t\t\t\t<\/div>\n\t\t<\/div>\n\t\t\t\t\t<\/div>\n\t\t<\/section>\n\t\t\t\t<\/div>\n\t\t","protected":false},"excerpt":{"rendered":"<p>OfJu steht f\u00fcr die Verbindung von Duisburg-Neum\u00fchl und der Jugend! Mit unseren Angeboten decken wir 5 Tage der Woche ab! Wir bieten Jugendlichen von 12 bis 17 Jahren R\u00e4umlichkeiten, Freizeitaktivit\u00e4ten, Gespr\u00e4che, Projekte, Sport-Angebote und vieles mehr. Der Vorstand des Vereins<\/p>\n","protected":false},"author":1,"featured_media":0,"parent":0,"menu_order":0,"comment_status":"open","ping_status":"open","template":"page-templates\/contact.php","meta":{"footnotes":""},"class_list":["post-624","page","type-page","status-publish","hentry"],"_links":{"self":[{"href":"https:\/\/ofju.de\/index.php?rest_route=\/wp\/v2\/pages\/624","targetHints":{"allow":["GET"]}}],"collection":[{"href":"https:\/\/ofju.de\/index.php?rest_route=\/wp\/v2\/pages"}],"about":[{"href":"https:\/\/ofju.de\/index.php?rest_route=\/wp\/v2\/types\/page"}],"author":[{"embeddable":true,"href":"https:\/\/ofju.de\/index.php?rest_route=\/wp\/v2\/users\/1"}],"replies":[{"embeddable":true,"href":"https:\/\/ofju.de\/index.php?rest_route=%2Fwp%2Fv2%2Fcomments&post=624"}],"version-history":[{"count":9,"href":"https:\/\/ofju.de\/index.php?rest_route=\/wp\/v2\/pages\/624\/revisions"}],"predecessor-version":[{"id":660,"href":"https:\/\/ofju.de\/index.php?rest_route=\/wp\/v2\/pages\/624\/revisions\/660"}],"wp:attachment":[{"href":"https:\/\/ofju.de\/index.php?rest_route=%2Fwp%2Fv2%2Fmedia&parent=624"}],"curies":[{"name":"wp","href":"https:\/\/api.w.org\/{rel}","templated":true}]}}